{"id":12455,"date":"2024-08-01T11:52:01","date_gmt":"2024-08-01T14:52:01","guid":{"rendered":"https:\/\/www.valposystems.com\/?page_id=12455"},"modified":"2024-08-01T12:39:59","modified_gmt":"2024-08-01T15:39:59","slug":"nueva-ley-karin","status":"publish","type":"page","link":"http:\/\/autoconfig.valposystems.com\/en\/nueva-ley-karin\/","title":{"rendered":"New Karin Law"},"content":{"rendered":"<div data-elementor-type=\"wp-page\" data-elementor-id=\"12455\" class=\"elementor elementor-12455\">\n\t\t\t\t<div class=\"elementor-element elementor-element-5ce20e2 e-flex e-con-boxed e-con e-parent\" data-id=\"5ce20e2\" data-element_type=\"container\" data-settings=\"{&quot;background_background&quot;:&quot;classic&quot;}\">\n\t\t\t\t\t<div class=\"e-con-inner\">\n\t\t\t\t<div class=\"elementor-element elementor-element-5b1b413 elementor-widget elementor-widget-spacer\" data-id=\"5b1b413\" data-element_type=\"widget\" data-widget_type=\"spacer.default\">\n\t\t\t\t<div class=\"elementor-widget-container\">\n\t\t\t\t\t<div class=\"elementor-spacer\">\n\t\t\t<div class=\"elementor-spacer-inner\"><\/div>\n\t\t<\/div>\n\t\t\t\t<\/div>\n\t\t\t\t<\/div>\n\t\t\t\t<div class=\"elementor-element elementor-element-b52a113 align-center elementor-widget__width-inherit elementor-widget elementor-widget-circular-titles\" data-id=\"b52a113\" data-element_type=\"widget\" data-widget_type=\"circular-titles.default\">\n\t\t\t\t<div class=\"elementor-widget-container\">\n\t\t\t\n\t\t<div class=\"circular-titles\">\n\t        <div class=\"pre-title style-1\">NEW KARIN LAW<\/div><h2 class=\"main-title\">What changes does it bring and how to protect the work environment today<\/h2>\t\t    <\/div>\n\t    \t\t<\/div>\n\t\t\t\t<\/div>\n\t\t\t\t<div class=\"elementor-element elementor-element-ef01c61 elementor-widget elementor-widget-image\" data-id=\"ef01c61\" data-element_type=\"widget\" data-widget_type=\"image.default\">\n\t\t\t\t<div class=\"elementor-widget-container\">\n\t\t\t\t\t\t\t\t\t\t\t\t\t<img fetchpriority=\"high\" decoding=\"async\" width=\"768\" height=\"432\" src=\"https:\/\/autoconfig.valposystems.com\/wp-content\/uploads\/2024\/08\/Ley-Karin-que-sanciona-el-acoso-laboral-revisa-que-no-se-puede-hacer-768x432.png\" class=\"attachment-medium_large size-medium_large wp-image-12458\" alt=\"\" srcset=\"https:\/\/autoconfig.valposystems.com\/wp-content\/uploads\/2024\/08\/Ley-Karin-que-sanciona-el-acoso-laboral-revisa-que-no-se-puede-hacer-768x432.png 768w, https:\/\/autoconfig.valposystems.com\/wp-content\/uploads\/2024\/08\/Ley-Karin-que-sanciona-el-acoso-laboral-revisa-que-no-se-puede-hacer-300x169.png 300w, https:\/\/autoconfig.valposystems.com\/wp-content\/uploads\/2024\/08\/Ley-Karin-que-sanciona-el-acoso-laboral-revisa-que-no-se-puede-hacer-1024x576.png 1024w, https:\/\/autoconfig.valposystems.com\/wp-content\/uploads\/2024\/08\/Ley-Karin-que-sanciona-el-acoso-laboral-revisa-que-no-se-puede-hacer.png 1410w\" sizes=\"(max-width: 768px) 100vw, 768px\" \/>\t\t\t\t\t\t\t\t\t\t\t\t\t<\/div>\n\t\t\t\t<\/div>\n\t\t\t\t<div class=\"elementor-element elementor-element-dacc7cd elementor-widget__width-inherit elementor-widget elementor-widget-text-editor\" data-id=\"dacc7cd\" data-element_type=\"widget\" data-widget_type=\"text-editor.default\">\n\t\t\t\t<div class=\"elementor-widget-container\">\n\t\t\t\t\t\t\t<p>One of the key aspects in the operation of any company is the care of its workers, avoiding any issues that may affect their physical well-being, but also their emotional well-being.<\/p><p>In this regard, the enactment of Law No. 21643, also known as the Karin Law, marks a milestone in the protection of workers against workplace harassment, sexual harassment, and violence in the work environment\u2014something essential for maintaining harmonious and safe workspaces.<\/p><p>This new legislation, named in honor of Karin Salgado\u2014a nurse who lost her life in 2019 after suffering constant workplace harassment\u2014aims primarily to prevent any form of harassment by strengthening the ability to report such incidents and increasing the corresponding penalties, in order to create a safe and violence-free work environment.<\/p>\t\t\t\t\t\t<\/div>\n\t\t\t\t<\/div>\n\t\t\t\t<div class=\"elementor-element elementor-element-0086b49 elementor-widget__width-inherit elementor-widget elementor-widget-text-editor\" data-id=\"0086b49\" data-element_type=\"widget\" data-widget_type=\"text-editor.default\">\n\t\t\t\t<div class=\"elementor-widget-container\">\n\t\t\t\t\t\t\t<h3>Changes to the law and modification in the definition of harassment<\/h3>\t\t\t\t\t\t<\/div>\n\t\t\t\t<\/div>\n\t\t\t\t<div class=\"elementor-element elementor-element-7bcaa61 elementor-widget__width-inherit elementor-widget elementor-widget-text-editor\" data-id=\"7bcaa61\" data-element_type=\"widget\" data-widget_type=\"text-editor.default\">\n\t\t\t\t<div class=\"elementor-widget-container\">\n\t\t\t\t\t\t\t<p>The modifications introduced by the Karin Law to the Labor Code aim to simplify the process of reporting harassment cases, preventing victims from having to endure repetitive or extreme situations, as was the case under the previous regulations.<\/p><p>For this reason, one of the main changes introduced by the new law is the expansion of the definition of workplace and sexual harassment. Previously, harassment was understood as a repeated pattern of hostile behavior; however, the law now recognizes that a single instance of harassment can be enough to constitute inappropriate conduct in the workplace. This significantly broadens the range of situations that can be reported.<\/p><p>Likewise, the new regulation stipulates that aggressions and harassment can be committed by any worker, removing the requirement that the harasser must hold a higher position in the workplace hierarchy than the victim, as was previously the case.<\/p>\t\t\t\t\t\t<\/div>\n\t\t\t\t<\/div>\n\t\t\t\t<div class=\"elementor-element elementor-element-b997dfc elementor-widget__width-inherit elementor-widget elementor-widget-text-editor\" data-id=\"b997dfc\" data-element_type=\"widget\" data-widget_type=\"text-editor.default\">\n\t\t\t\t<div class=\"elementor-widget-container\">\n\t\t\t\t\t\t\t<h3>What does the Karin Law consider workplace harassment?<\/h3>\t\t\t\t\t\t<\/div>\n\t\t\t\t<\/div>\n\t\t\t\t<div class=\"elementor-element elementor-element-9982e78 elementor-widget__width-inherit elementor-widget elementor-widget-text-editor\" data-id=\"9982e78\" data-element_type=\"widget\" data-widget_type=\"text-editor.default\">\n\t\t\t\t<div class=\"elementor-widget-container\">\n\t\t\t\t\t\t\t<p>The new law establishes a series of behaviors that will be considered workplace harassment, particularly those that cause personal harm or negatively affect the work situation, employment opportunities, and the physical and emotional well-being of the affected person.<\/p><p>For this reason, a subordinate cannot be restricted from speaking during their workday, workers cannot be prohibited from communicating with other team members, nor can a worker be separated from their colleagues without a valid work-related reason justifying the change of physical space.<\/p><p>The law also stipulates situations that may be professionally degrading, such as forcing a worker to perform tasks against their conscience, not assigning tasks to a worker, encouraging them to perform tasks below their capabilities, or providing incorrect information that causes the employee to fail to achieve the expected results.<\/p><p>Likewise, performance or achieved results cannot be judged offensively, nor can a worker's tasks or decisions be unjustly questioned.<\/p><p>There are also situations related to the worker's private life that are defined as harassment, such as repeated criticism or mockery of their personal life, insinuating psychological problems, or making fun of possible disabilities.<\/p><p>Finally, other behaviors considered harassment include phone harassment or terrorizing calls, humiliating the worker in front of colleagues or during one-on-one meetings, and mocking imitations.<\/p>\t\t\t\t\t\t<\/div>\n\t\t\t\t<\/div>\n\t\t\t\t<div class=\"elementor-element elementor-element-8435d04 elementor-widget__width-inherit elementor-widget elementor-widget-text-editor\" data-id=\"8435d04\" data-element_type=\"widget\" data-widget_type=\"text-editor.default\">\n\t\t\t\t<div class=\"elementor-widget-container\">\n\t\t\t\t\t\t\t<h3>The importance of prevention in companies<\/h3>\t\t\t\t\t\t<\/div>\n\t\t\t\t<\/div>\n\t\t\t\t<div class=\"elementor-element elementor-element-47d8fb6 elementor-widget__width-inherit elementor-widget elementor-widget-text-editor\" data-id=\"47d8fb6\" data-element_type=\"widget\" data-widget_type=\"text-editor.default\">\n\t\t\t\t<div class=\"elementor-widget-container\">\n\t\t\t\t\t\t\t<p>To achieve a positive outcome from the new regulations regarding the various types of harassment that can occur in companies, it is essential to implement proactive measures to prevent harassment and bullying in the workplace.<\/p><p>For this reason, it is vital to develop and implement clear and accessible prevention protocols for all members of the organization, as well as to conduct awareness and training sessions for staff on workplace harassment, sexual harassment, and violence.<\/p><p>Likewise, it is very important to have secure and confidential communication channels so that employees can report harassment incidents without fear of retaliation, as well as to provide psychological support and counseling to victims of harassment.<\/p><p>In this way, the creation of an inclusive work environment that promotes respect, gender equality, and diversity will be encouraged.<\/p><p>The enactment of the Karin Law represents a significant step toward building safer and more equitable work environments, aiming to prevent and punish workplace harassment in all its forms and to promote a culture of respect, equality, and diversity in the workplace.<\/p><p>By implementing measures for prevention, awareness, and protection, companies can actively contribute to creating workspaces free from violence and harassment, where all employees can fully develop and contribute to the organization's success, prioritizing the well-being and safety of their staff.<\/p>\t\t\t\t\t\t<\/div>\n\t\t\t\t<\/div>\n\t\t\t\t\t<\/div>\n\t\t\t\t<\/div>\n\t\t\t\t<section class=\"elementor-section elementor-top-section elementor-element elementor-element-3f59b8d elementor-section-boxed elementor-section-height-default elementor-section-height-default\" data-id=\"3f59b8d\" data-element_type=\"section\" data-settings=\"{&quot;background_background&quot;:&quot;classic&quot;}\">\n\t\t\t\t\t\t<div class=\"elementor-container elementor-column-gap-extended\">\n\t\t\t\t\t<div class=\"elementor-column elementor-col-100 elementor-top-column elementor-element elementor-element-601c9ba\" data-id=\"601c9ba\" data-element_type=\"column\">\n\t\t\t<div class=\"elementor-widget-wrap elementor-element-populated\">\n\t\t\t\t\t\t<div class=\"elementor-element elementor-element-38a970c align-center elementor-widget elementor-widget-circular-titles\" data-id=\"38a970c\" data-element_type=\"widget\" data-widget_type=\"circular-titles.default\">\n\t\t\t\t<div class=\"elementor-widget-container\">\n\t\t\t\n\t\t<div class=\"circular-titles\">\n\t        <h1 class=\"main-title\">Let's have a virtual coffee\n<\/h1><div class=\"sub-title\"><div class=\"elementor-element elementor-element-d87f266 align-center elementor-widget elementor-widget-circular-titles\" data-id=\"d87f266\" data-element_type=\"widget\" data-widget_type=\"circular-titles.default\"><div class=\"elementor-widget-container\"><div class=\"circular-titles\"><div class=\"sub-title\"><p>Consultancy, modernization, or whatever you need, talk to the experts at ValpoSystems today.<\/p><\/div><\/div><\/div><\/div><\/div>\t\t    <\/div>\n\t    \t\t<\/div>\n\t\t\t\t<\/div>\n\t\t\t\t<div class=\"elementor-element elementor-element-315862d align-center elementor-widget elementor-widget-circular-button\" data-id=\"315862d\" data-element_type=\"widget\" data-widget_type=\"circular-button.default\">\n\t\t\t\t<div class=\"elementor-widget-container\">\n\t\t\t\n        <div class=\"button-box\" >             \n            <div class=\"hide-ball\">\n                <div class=\"parallax-element\">\n                <a class=\"circular-button styled-1 styled-accent size-1 icon-right\" href=\"\/en\/conversemos\/\" >\n                                        <span class=\"text\">SEND YOUR MESSAGE<\/span>\n                                        \n                                            <span class=\"icon\"><i class=\"fe fe-arrow-up-right\"><\/i><\/span>\n                                    <\/a>\n                <\/div>\n            <\/div> \n        <\/div>\n\n        \t\t<\/div>\n\t\t\t\t<\/div>\n\t\t\t\t\t<\/div>\n\t\t<\/div>\n\t\t\t\t\t<\/div>\n\t\t<\/section>\n\t\t\t\t<\/div>","protected":false},"excerpt":{"rendered":"<p>NUEVA LEY KARIN Qu\u00e9 cambios trae y c\u00f3mo proteger el entorno laboral en la actualidad Uno de los puntos clave en el funcionamiento de cualquier empresa es el cuidado de sus trabajadores, evitando cualquier problema que pueda afectar a su bienestar f\u00edsico, pero tambi\u00e9n al emocional. En esta l\u00ednea, la promulgaci\u00f3n de la Ley N\u00b021643,<\/p>","protected":false},"author":3,"featured_media":0,"parent":0,"menu_order":0,"comment_status":"closed","ping_status":"closed","template":"elementor_header_footer","meta":{"footnotes":"","_joinchat":[]},"yoast_head":"<!-- This site is optimized with the Yoast SEO plugin v23.5 - https:\/\/yoast.com\/wordpress\/plugins\/seo\/ -->\n<title>Nueva Ley Karin - ValpoSystems<\/title>\n<meta name=\"description\" content=\"Descubre todo sobre la Ley Karim: su origen, objetivos y c\u00f3mo impacta en el marco legal actual. Aprende c\u00f3mo esta normativa busca mejorar la justicia social y proteger los derechos fundamentales.\" \/>\n<meta name=\"robots\" content=\"index, follow, max-snippet:-1, max-image-preview:large, max-video-preview:-1\" \/>\n<link rel=\"canonical\" href=\"http:\/\/autoconfig.valposystems.com\/en\/nueva-ley-karin\/\" \/>\n<meta property=\"og:locale\" content=\"en_US\" \/>\n<meta property=\"og:type\" content=\"article\" \/>\n<meta property=\"og:title\" content=\"Nueva Ley Karin - ValpoSystems\" \/>\n<meta property=\"og:description\" content=\"Descubre todo sobre la Ley Karim: su origen, objetivos y c\u00f3mo impacta en el marco legal actual. Aprende c\u00f3mo esta normativa busca mejorar la justicia social y proteger los derechos fundamentales.\" \/>\n<meta property=\"og:url\" content=\"http:\/\/autoconfig.valposystems.com\/en\/nueva-ley-karin\/\" \/>\n<meta property=\"og:site_name\" content=\"ValpoSystems\" \/>\n<meta property=\"article:publisher\" content=\"https:\/\/www.facebook.com\/ValpoSystems\/\" \/>\n<meta property=\"article:modified_time\" content=\"2024-08-01T15:39:59+00:00\" \/>\n<meta property=\"og:image\" content=\"https:\/\/www.valposystems.com\/wp-content\/uploads\/2024\/08\/Ley-Karin-que-sanciona-el-acoso-laboral-revisa-que-no-se-puede-hacer-768x432.png\" \/>\n<meta name=\"twitter:card\" content=\"summary_large_image\" \/>\n<meta name=\"twitter:site\" content=\"@valposystems\" \/>\n<meta name=\"twitter:label1\" content=\"Est. reading time\" \/>\n\t<meta name=\"twitter:data1\" content=\"4 minutes\" \/>\n<script type=\"application\/ld+json\" class=\"yoast-schema-graph\">{\"@context\":\"https:\/\/schema.org\",\"@graph\":[{\"@type\":\"WebPage\",\"@id\":\"http:\/\/autoconfig.valposystems.com\/en\/nueva-ley-karin\/\",\"url\":\"http:\/\/autoconfig.valposystems.com\/en\/nueva-ley-karin\/\",\"name\":\"Nueva Ley Karin - ValpoSystems\",\"isPartOf\":{\"@id\":\"https:\/\/valposystems.com\/#website\"},\"primaryImageOfPage\":{\"@id\":\"http:\/\/autoconfig.valposystems.com\/en\/nueva-ley-karin\/#primaryimage\"},\"image\":{\"@id\":\"http:\/\/autoconfig.valposystems.com\/en\/nueva-ley-karin\/#primaryimage\"},\"thumbnailUrl\":\"https:\/\/www.valposystems.com\/wp-content\/uploads\/2024\/08\/Ley-Karin-que-sanciona-el-acoso-laboral-revisa-que-no-se-puede-hacer-768x432.png\",\"datePublished\":\"2024-08-01T14:52:01+00:00\",\"dateModified\":\"2024-08-01T15:39:59+00:00\",\"description\":\"Descubre todo sobre la Ley Karim: su origen, objetivos y c\u00f3mo impacta en el marco legal actual. Aprende c\u00f3mo esta normativa busca mejorar la justicia social y proteger los derechos fundamentales.\",\"breadcrumb\":{\"@id\":\"http:\/\/autoconfig.valposystems.com\/en\/nueva-ley-karin\/#breadcrumb\"},\"inLanguage\":\"en-US\",\"potentialAction\":[{\"@type\":\"ReadAction\",\"target\":[\"http:\/\/autoconfig.valposystems.com\/en\/nueva-ley-karin\/\"]}]},{\"@type\":\"ImageObject\",\"inLanguage\":\"en-US\",\"@id\":\"http:\/\/autoconfig.valposystems.com\/en\/nueva-ley-karin\/#primaryimage\",\"url\":\"https:\/\/www.valposystems.com\/wp-content\/uploads\/2024\/08\/Ley-Karin-que-sanciona-el-acoso-laboral-revisa-que-no-se-puede-hacer-768x432.png\",\"contentUrl\":\"https:\/\/www.valposystems.com\/wp-content\/uploads\/2024\/08\/Ley-Karin-que-sanciona-el-acoso-laboral-revisa-que-no-se-puede-hacer-768x432.png\"},{\"@type\":\"BreadcrumbList\",\"@id\":\"http:\/\/autoconfig.valposystems.com\/en\/nueva-ley-karin\/#breadcrumb\",\"itemListElement\":[{\"@type\":\"ListItem\",\"position\":1,\"name\":\"Portada\",\"item\":\"https:\/\/valposystems.com\/\"},{\"@type\":\"ListItem\",\"position\":2,\"name\":\"Nueva Ley Karin\"}]},{\"@type\":\"WebSite\",\"@id\":\"https:\/\/valposystems.com\/#website\",\"url\":\"https:\/\/valposystems.com\/\",\"name\":\"ValpoSystems\",\"description\":\"Sitio Corporativo 20203\",\"publisher\":{\"@id\":\"https:\/\/valposystems.com\/#organization\"},\"alternateName\":\"VS 2024\",\"potentialAction\":[{\"@type\":\"SearchAction\",\"target\":{\"@type\":\"EntryPoint\",\"urlTemplate\":\"https:\/\/valposystems.com\/?s={search_term_string}\"},\"query-input\":{\"@type\":\"PropertyValueSpecification\",\"valueRequired\":true,\"valueName\":\"search_term_string\"}}],\"inLanguage\":\"en-US\"},{\"@type\":\"Organization\",\"@id\":\"https:\/\/valposystems.com\/#organization\",\"name\":\"ValpoSystems\",\"url\":\"https:\/\/valposystems.com\/\",\"logo\":{\"@type\":\"ImageObject\",\"inLanguage\":\"en-US\",\"@id\":\"https:\/\/valposystems.com\/#\/schema\/logo\/image\/\",\"url\":\"https:\/\/autoconfig.valposystems.com\/wp-content\/uploads\/2023\/09\/logo-vs-light@2x-2-e1706559610607.png\",\"contentUrl\":\"https:\/\/autoconfig.valposystems.com\/wp-content\/uploads\/2023\/09\/logo-vs-light@2x-2-e1706559610607.png\",\"width\":130,\"height\":40,\"caption\":\"ValpoSystems\"},\"image\":{\"@id\":\"https:\/\/valposystems.com\/#\/schema\/logo\/image\/\"},\"sameAs\":[\"https:\/\/www.facebook.com\/ValpoSystems\/\",\"https:\/\/x.com\/valposystems\",\"https:\/\/www.linkedin.com\/company\/valposystems\"]}]}<\/script>\n<!-- \/ Yoast SEO plugin. -->","yoast_head_json":{"title":"Nueva Ley Karin - ValpoSystems","description":"Descubre todo sobre la Ley Karim: su origen, objetivos y c\u00f3mo impacta en el marco legal actual. Aprende c\u00f3mo esta normativa busca mejorar la justicia social y proteger los derechos fundamentales.","robots":{"index":"index","follow":"follow","max-snippet":"max-snippet:-1","max-image-preview":"max-image-preview:large","max-video-preview":"max-video-preview:-1"},"canonical":"http:\/\/autoconfig.valposystems.com\/en\/nueva-ley-karin\/","og_locale":"en_US","og_type":"article","og_title":"Nueva Ley Karin - ValpoSystems","og_description":"Descubre todo sobre la Ley Karim: su origen, objetivos y c\u00f3mo impacta en el marco legal actual. Aprende c\u00f3mo esta normativa busca mejorar la justicia social y proteger los derechos fundamentales.","og_url":"http:\/\/autoconfig.valposystems.com\/en\/nueva-ley-karin\/","og_site_name":"ValpoSystems","article_publisher":"https:\/\/www.facebook.com\/ValpoSystems\/","article_modified_time":"2024-08-01T15:39:59+00:00","og_image":[{"url":"https:\/\/www.valposystems.com\/wp-content\/uploads\/2024\/08\/Ley-Karin-que-sanciona-el-acoso-laboral-revisa-que-no-se-puede-hacer-768x432.png"}],"twitter_card":"summary_large_image","twitter_site":"@valposystems","twitter_misc":{"Est. reading time":"4 minutes"},"schema":{"@context":"https:\/\/schema.org","@graph":[{"@type":"WebPage","@id":"http:\/\/autoconfig.valposystems.com\/en\/nueva-ley-karin\/","url":"http:\/\/autoconfig.valposystems.com\/en\/nueva-ley-karin\/","name":"Nueva Ley Karin - ValpoSystems","isPartOf":{"@id":"https:\/\/valposystems.com\/#website"},"primaryImageOfPage":{"@id":"http:\/\/autoconfig.valposystems.com\/en\/nueva-ley-karin\/#primaryimage"},"image":{"@id":"http:\/\/autoconfig.valposystems.com\/en\/nueva-ley-karin\/#primaryimage"},"thumbnailUrl":"https:\/\/www.valposystems.com\/wp-content\/uploads\/2024\/08\/Ley-Karin-que-sanciona-el-acoso-laboral-revisa-que-no-se-puede-hacer-768x432.png","datePublished":"2024-08-01T14:52:01+00:00","dateModified":"2024-08-01T15:39:59+00:00","description":"Descubre todo sobre la Ley Karim: su origen, objetivos y c\u00f3mo impacta en el marco legal actual. Aprende c\u00f3mo esta normativa busca mejorar la justicia social y proteger los derechos fundamentales.","breadcrumb":{"@id":"http:\/\/autoconfig.valposystems.com\/en\/nueva-ley-karin\/#breadcrumb"},"inLanguage":"en-US","potentialAction":[{"@type":"ReadAction","target":["http:\/\/autoconfig.valposystems.com\/en\/nueva-ley-karin\/"]}]},{"@type":"ImageObject","inLanguage":"en-US","@id":"http:\/\/autoconfig.valposystems.com\/en\/nueva-ley-karin\/#primaryimage","url":"https:\/\/www.valposystems.com\/wp-content\/uploads\/2024\/08\/Ley-Karin-que-sanciona-el-acoso-laboral-revisa-que-no-se-puede-hacer-768x432.png","contentUrl":"https:\/\/www.valposystems.com\/wp-content\/uploads\/2024\/08\/Ley-Karin-que-sanciona-el-acoso-laboral-revisa-que-no-se-puede-hacer-768x432.png"},{"@type":"BreadcrumbList","@id":"http:\/\/autoconfig.valposystems.com\/en\/nueva-ley-karin\/#breadcrumb","itemListElement":[{"@type":"ListItem","position":1,"name":"Portada","item":"https:\/\/valposystems.com\/"},{"@type":"ListItem","position":2,"name":"Nueva Ley Karin"}]},{"@type":"WebSite","@id":"https:\/\/valposystems.com\/#website","url":"https:\/\/valposystems.com\/","name":"ValpoSystems","description":"Sitio Corporativo 20203","publisher":{"@id":"https:\/\/valposystems.com\/#organization"},"alternateName":"VS 2024","potentialAction":[{"@type":"SearchAction","target":{"@type":"EntryPoint","urlTemplate":"https:\/\/valposystems.com\/?s={search_term_string}"},"query-input":{"@type":"PropertyValueSpecification","valueRequired":true,"valueName":"search_term_string"}}],"inLanguage":"en-US"},{"@type":"Organization","@id":"https:\/\/valposystems.com\/#organization","name":"ValpoSystems","url":"https:\/\/valposystems.com\/","logo":{"@type":"ImageObject","inLanguage":"en-US","@id":"https:\/\/valposystems.com\/#\/schema\/logo\/image\/","url":"https:\/\/autoconfig.valposystems.com\/wp-content\/uploads\/2023\/09\/logo-vs-light@2x-2-e1706559610607.png","contentUrl":"https:\/\/autoconfig.valposystems.com\/wp-content\/uploads\/2023\/09\/logo-vs-light@2x-2-e1706559610607.png","width":130,"height":40,"caption":"ValpoSystems"},"image":{"@id":"https:\/\/valposystems.com\/#\/schema\/logo\/image\/"},"sameAs":["https:\/\/www.facebook.com\/ValpoSystems\/","https:\/\/x.com\/valposystems","https:\/\/www.linkedin.com\/company\/valposystems"]}]}},"_links":{"self":[{"href":"http:\/\/autoconfig.valposystems.com\/en\/wp-json\/wp\/v2\/pages\/12455"}],"collection":[{"href":"http:\/\/autoconfig.valposystems.com\/en\/wp-json\/wp\/v2\/pages"}],"about":[{"href":"http:\/\/autoconfig.valposystems.com\/en\/wp-json\/wp\/v2\/types\/page"}],"author":[{"embeddable":true,"href":"http:\/\/autoconfig.valposystems.com\/en\/wp-json\/wp\/v2\/users\/3"}],"replies":[{"embeddable":true,"href":"http:\/\/autoconfig.valposystems.com\/en\/wp-json\/wp\/v2\/comments?post=12455"}],"version-history":[{"count":11,"href":"http:\/\/autoconfig.valposystems.com\/en\/wp-json\/wp\/v2\/pages\/12455\/revisions"}],"predecessor-version":[{"id":12468,"href":"http:\/\/autoconfig.valposystems.com\/en\/wp-json\/wp\/v2\/pages\/12455\/revisions\/12468"}],"wp:attachment":[{"href":"http:\/\/autoconfig.valposystems.com\/en\/wp-json\/wp\/v2\/media?parent=12455"}],"curies":[{"name":"wp","href":"https:\/\/api.w.org\/{rel}","templated":true}]}}